{"id":2549,"date":"2025-04-15T20:36:53","date_gmt":"2025-04-15T17:36:53","guid":{"rendered":"https:\/\/dataera.co\/articles\/"},"modified":"2025-05-01T02:20:20","modified_gmt":"2025-04-30T23:20:20","slug":"articles","status":"publish","type":"page","link":"https:\/\/dataera.co\/en\/articles\/","title":{"rendered":"Articles"},"content":{"rendered":"\t\t<div data-elementor-type=\"wp-page\" data-elementor-id=\"2549\" class=\"elementor elementor-2549 elementor-1303\">\n\t\t\t\t\t\t<section class=\"elementor-section elementor-top-section elementor-element elementor-element-5f4e08c8 elementor-section-height-min-height elementor-section-boxed elementor-section-height-default elementor-section-items-middle\" data-id=\"5f4e08c8\" data-element_type=\"section\" data-e-type=\"section\" data-settings=\"{&quot;background_background&quot;:&quot;classic&quot;}\">\n\t\t\t\t\t\t\t<div class=\"elementor-background-overlay\"><\/div>\n\t\t\t\t\t\t\t<div class=\"elementor-container elementor-column-gap-default\">\n\t\t\t\t\t<div class=\"elementor-column elementor-col-100 elementor-top-column elementor-element elementor-element-36261c02\" data-id=\"36261c02\" data-element_type=\"column\" data-e-type=\"column\">\n\t\t\t<div class=\"elementor-widget-wrap elementor-element-populated\">\n\t\t\t\t\t\t<div class=\"elementor-element elementor-element-54e5dd6f elementor-widget elementor-widget-spacer\" data-id=\"54e5dd6f\" data-element_type=\"widget\" data-e-type=\"widget\" data-widget_type=\"spacer.default\">\n\t\t\t\t<div class=\"elementor-widget-container\">\n\t\t\t\t\t\t\t<div class=\"elementor-spacer\">\n\t\t\t<div class=\"elementor-spacer-inner\"><\/div>\n\t\t<\/div>\n\t\t\t\t\t\t<\/div>\n\t\t\t\t<\/div>\n\t\t\t\t<div class=\"elementor-element elementor-element-4ae4aa05 elementor-view-default elementor-position-top elementor-widget elementor-widget-themo-header\" data-id=\"4ae4aa05\" data-element_type=\"widget\" data-e-type=\"widget\" data-widget_type=\"themo-header.default\">\n\t\t\t\t<div class=\"elementor-widget-container\">\n\t\t\t\t\t\t\t<div class=\"th-header-wrap\">\n        <div class=\"elementor-icon-box-wrapper \">\n                            <div class=\"elementor-icon-box-content\">\n                    <h1 class=\"elementor-icon-box-title\">\n                        Articles                    <\/h1>\n                                        <p class=\"elementor-icon-box-description\"><\/p>\n\n                                    <\/div>\n            <\/div>\n\n        <\/div>\n\n\t\t\t\t\t\t<\/div>\n\t\t\t\t<\/div>\n\t\t\t\t\t<\/div>\n\t\t<\/div>\n\t\t\t\t\t<\/div>\n\t\t<\/section>\n\t\t\t\t<section class=\"elementor-section elementor-top-section elementor-element elementor-element-2305e392 elementor-section-boxed elementor-section-height-default elementor-section-height-default\" data-id=\"2305e392\" data-element_type=\"section\" data-e-type=\"section\" data-settings=\"{&quot;background_background&quot;:&quot;classic&quot;}\">\n\t\t\t\t\t\t<div class=\"elementor-container elementor-column-gap-default\">\n\t\t\t\t\t<div class=\"elementor-column elementor-col-100 elementor-top-column elementor-element elementor-element-1ebc323f\" data-id=\"1ebc323f\" data-element_type=\"column\" data-e-type=\"column\">\n\t\t\t<div class=\"elementor-widget-wrap elementor-element-populated\">\n\t\t\t\t\t\t<div class=\"elementor-element elementor-element-424c72df elementor-widget elementor-widget-spacer\" data-id=\"424c72df\" data-element_type=\"widget\" data-e-type=\"widget\" data-widget_type=\"spacer.default\">\n\t\t\t\t<div class=\"elementor-widget-container\">\n\t\t\t\t\t\t\t<div class=\"elementor-spacer\">\n\t\t\t<div class=\"elementor-spacer-inner\"><\/div>\n\t\t<\/div>\n\t\t\t\t\t\t<\/div>\n\t\t\t\t<\/div>\n\t\t\t\t<div class=\"elementor-element elementor-element-39fd5025 elementor-widget elementor-widget-themo-blog\" data-id=\"39fd5025\" data-element_type=\"widget\" data-e-type=\"widget\" data-widget_type=\"themo-blog.default\">\n\t\t\t\t<div class=\"elementor-widget-container\">\n\t\t\t\t\t\n                                <section class=\"th-masonry-blog th-blog-3-col\">\n\n                        <div class=\"mas-blog row\">\n                            <div class=\"mas-blog-post-sizer col-sm-6 col-md-4\"><\/div>\n                                                                                            <div class=\"mas-blog-post col-sm-6 col-md-4 post-2911 post type-post status-publish format-standard has-post-thumbnail hentry category-genel-en\">\n                                        \t\t<a href=\"https:\/\/dataera.co\/en\/oracle-database-architecture\/\">\n\t\t\t<img fetchpriority=\"high\" decoding=\"async\" width=\"394\" height=\"248\" src=\"https:\/\/dataera.co\/wp-content\/uploads\/2025\/04\/oracle-mimari.jpg\" class=\"img-responsive wp-post-image\" alt=\"\" \/>    \t<\/a>\n    <div class=\"post-inner\">\n\n        <h3 class=\"post-title\"><a href=\"https:\/\/dataera.co\/en\/oracle-database-architecture\/\">Oracle Database Architecture<\/a><\/h3>\n    \t<div class=\"post-meta\">\n\t<span class=\"show-author\">Posted by <a href=\"https:\/\/dataera.co\/en\/author\/admin\/\" title=\"Posts by admin\" rel=\"author\">admin<\/a><\/span> <span class=\"show-comments\"><\/span>\n<\/div>\n\t            \t<div class=\"entry-content post-excerpt\">\n\t\t\t\t\t<p>Database and instance are the fundamental components that make up an Oracle database server. (There can be multiple instances on the same server, and each instance allocates its own dedicated memory.) &hellip; <a href=\"https:\/\/dataera.co\/en\/oracle-database-architecture\/\">Read More<\/a><\/p>\n                <\/div>\n\t\t\t\t<div class=\"date-meta\">\n    <i class=\"xs-icon fa fa-calendar-o\"><\/i>\n    <time class=\"published\" datetime=\"2025-04-02T20:11:52+03:00\">2 April 2025<\/time>\n    <span class=\"is-sticky\">Featured Post<\/span>\n<\/div><\/div>\n                                <\/div>\n\n                                                                                            <div class=\"mas-blog-post col-sm-6 col-md-4 post-2921 post type-post status-publish format-standard has-post-thumbnail hentry category-genel-en\">\n                                        \t\t<a href=\"https:\/\/dataera.co\/en\/postgresql-installation-on-linux\/\">\n\t\t\t<img decoding=\"async\" width=\"394\" height=\"224\" src=\"https:\/\/dataera.co\/wp-content\/uploads\/2024\/03\/postgressql.jpg\" class=\"img-responsive wp-post-image\" alt=\"\" \/>    \t<\/a>\n    <div class=\"post-inner\">\n\n        <h3 class=\"post-title\"><a href=\"https:\/\/dataera.co\/en\/postgresql-installation-on-linux\/\">PostgreSQL Installation on Linux<\/a><\/h3>\n    \t<div class=\"post-meta\">\n\t<span class=\"show-author\">Posted by <a href=\"https:\/\/dataera.co\/en\/author\/admin\/\" title=\"Posts by admin\" rel=\"author\">admin<\/a><\/span> <span class=\"show-comments\"><\/span>\n<\/div>\n\t            \t<div class=\"entry-content post-excerpt\">\n\t\t\t\t\t<p>In this article, we focus on PostgreSQL, a fully open-source database that stands out for its ability to handle large volumes of data and has been increasing its market share in recent years, on Linux &hellip; <a href=\"https:\/\/dataera.co\/en\/postgresql-installation-on-linux\/\">Read More<\/a><\/p>\n                <\/div>\n\t\t\t\t<div class=\"date-meta\">\n    <i class=\"xs-icon fa fa-calendar-o\"><\/i>\n    <time class=\"published\" datetime=\"2024-03-05T20:03:49+03:00\">5 March 2024<\/time>\n    <span class=\"is-sticky\">Featured Post<\/span>\n<\/div><\/div>\n                                <\/div>\n\n                                                                                            <div class=\"mas-blog-post col-sm-6 col-md-4 post-2923 post type-post status-publish format-standard has-post-thumbnail hentry category-genel-en\">\n                                        \t\t<a href=\"https:\/\/dataera.co\/en\/lider-ahenk-installation-and-management\/\">\n\t\t\t<img decoding=\"async\" width=\"394\" height=\"224\" src=\"https:\/\/dataera.co\/wp-content\/uploads\/2024\/03\/lider-ahenk.jpg\" class=\"img-responsive wp-post-image\" alt=\"\" \/>    \t<\/a>\n    <div class=\"post-inner\">\n\n        <h3 class=\"post-title\"><a href=\"https:\/\/dataera.co\/en\/lider-ahenk-installation-and-management\/\">Lider Ahenk Installation and Management<\/a><\/h3>\n    \t<div class=\"post-meta\">\n\t<span class=\"show-author\">Posted by <a href=\"https:\/\/dataera.co\/en\/author\/admin\/\" title=\"Posts by admin\" rel=\"author\">admin<\/a><\/span> <span class=\"show-comments\"><\/span>\n<\/div>\n\t            \t<div class=\"entry-content post-excerpt\">\n\t\t\t\t\t<p>Database and instance are concepts that make up the Oracle database server. (There can be multiple instances on the same server, each allocated its own dedicated memory.) &hellip; <a href=\"https:\/\/dataera.co\/en\/lider-ahenk-installation-and-management\/\">Read More<\/a><\/p>\n                <\/div>\n\t\t\t\t<div class=\"date-meta\">\n    <i class=\"xs-icon fa fa-calendar-o\"><\/i>\n    <time class=\"published\" datetime=\"2024-03-02T04:47:07+03:00\">2 March 2024<\/time>\n    <span class=\"is-sticky\">Featured Post<\/span>\n<\/div><\/div>\n                                <\/div>\n\n                                                    <\/div>\n                                            <\/section>\n\n                    \t\t\t\t<\/div>\n\t\t\t\t<\/div>\n\t\t\t\t<div class=\"elementor-element elementor-element-1c8fa446 elementor-widget elementor-widget-spacer\" data-id=\"1c8fa446\" data-element_type=\"widget\" data-e-type=\"widget\" data-widget_type=\"spacer.default\">\n\t\t\t\t<div class=\"elementor-widget-container\">\n\t\t\t\t\t\t\t<div class=\"elementor-spacer\">\n\t\t\t<div class=\"elementor-spacer-inner\"><\/div>\n\t\t<\/div>\n\t\t\t\t\t\t<\/div>\n\t\t\t\t<\/div>\n\t\t\t\t\t<\/div>\n\t\t<\/div>\n\t\t\t\t\t<\/div>\n\t\t<\/section>\n\t\t\t\t<\/div>\n\t\t","protected":false},"excerpt":{"rendered":"<p>Articles Oracle Veritaban\u0131 Mimarisi Posted by admin on 2 Nisan 2025 | Featured Database ve instance Oracle veritaban\u0131 sunucusunu olu\u015fturan kavramlard\u0131r. (ayn\u0131 sunucuda birden fazla instance olabilir herbiri kendisine ayr\u0131lm\u0131\u015f olan Memory yi al\u0131r.) &hellip; Read More PostgreSQL Kurulumu Posted &hellip; <a href=\"https:\/\/dataera.co\/en\/lider-ahenk-installation-and-management\/\">Read More<\/a> &hellip; <a href=\"https:\/\/dataera.co\/en\/lider-ahenk-installation-and-management\/\">Read More<\/a><\/p>\n","protected":false},"author":1,"featured_media":0,"parent":0,"menu_order":0,"comment_status":"closed","ping_status":"closed","template":"","meta":{"footnotes":""},"class_list":["post-2549","page","type-page","status-publish","hentry"],"_links":{"self":[{"href":"https:\/\/dataera.co\/en\/wp-json\/wp\/v2\/pages\/2549"}],"collection":[{"href":"https:\/\/dataera.co\/en\/wp-json\/wp\/v2\/pages"}],"about":[{"href":"https:\/\/dataera.co\/en\/wp-json\/wp\/v2\/types\/page"}],"author":[{"embeddable":true,"href":"https:\/\/dataera.co\/en\/wp-json\/wp\/v2\/users\/1"}],"replies":[{"embeddable":true,"href":"https:\/\/dataera.co\/en\/wp-json\/wp\/v2\/comments?post=2549"}],"version-history":[{"count":1,"href":"https:\/\/dataera.co\/en\/wp-json\/wp\/v2\/pages\/2549\/revisions"}],"predecessor-version":[{"id":2550,"href":"https:\/\/dataera.co\/en\/wp-json\/wp\/v2\/pages\/2549\/revisions\/2550"}],"wp:attachment":[{"href":"https:\/\/dataera.co\/en\/wp-json\/wp\/v2\/media?parent=2549"}],"curies":[{"name":"wp","href":"https:\/\/api.w.org\/{rel}","templated":true}]}}